{"id":10838,"date":"2021-04-19T10:13:47","date_gmt":"2021-04-19T13:13:47","guid":{"rendered":"https:\/\/cirurgicaortopediaesaude.com.br\/?page_id=10838"},"modified":"2021-04-19T10:16:14","modified_gmt":"2021-04-19T13:16:14","slug":"politica-de-trocas-e-devolucao","status":"publish","type":"page","link":"https:\/\/cirurgicaortosaude.com.br\/en\/politica-de-trocas-e-devolucao\/","title":{"rendered":"Pol\u00edtica de Trocas e Devolu\u00e7\u00e3o"},"content":{"rendered":"<div data-elementor-type=\"wp-page\" data-elementor-id=\"10838\" class=\"elementor elementor-10838\">\n\t\t\t\t\t\t<section class=\"elementor-section elementor-top-section elementor-element elementor-element-64cc3126 elementor-section-boxed elementor-section-height-default elementor-section-height-default wd-section-disabled\" data-id=\"64cc3126\" data-element_type=\"section\" data-e-type=\"section\">\n\t\t\t\t\t\t<div class=\"elementor-container elementor-column-gap-default\">\n\t\t\t\t\t<div class=\"elementor-column elementor-col-100 elementor-top-column elementor-element elementor-element-f3e0b33\" data-id=\"f3e0b33\" data-element_type=\"column\" data-e-type=\"column\">\n\t\t\t<div class=\"elementor-widget-wrap elementor-element-populated\">\n\t\t\t\t\t\t<div class=\"elementor-element elementor-element-99394a8 color-scheme-inherit text-left elementor-widget elementor-widget-text-editor\" data-id=\"99394a8\" data-element_type=\"widget\" data-e-type=\"widget\" data-widget_type=\"text-editor.default\">\n\t\t\t\t<div class=\"elementor-widget-container\">\n\t\t\t\t\t\t\t\t\t<p><\/p>\n<h2 class=\"wp-block-heading\">POL\u00cdTICA DE TROCA, DEVOLU\u00c7\u00c3O E ARREPENDIMENTO<\/h2>\n<p>A Ortopedia &amp; Sa\u00fade utiliza tecnologia de ponta para a fabrica\u00e7\u00e3o de seus produtos, primando pela qualidade e satisfa\u00e7\u00e3o de seus clientes. Pelo respeito e para que seja mantida a credibilidade conquistada junto aos seus consumidores, a empresa criou uma pol\u00edtica de troca e devolu\u00e7\u00e3o de acordo com o C\u00f3digo de Defesa do Consumidor, e preocupada para que voc\u00ea (cliente) obtenha uma negocia\u00e7\u00e3o eficaz, \u00e1gil e principalmente satisfat\u00f3ria.<\/p>\n<p>Caso opte pelo contato via correio eletr\u00f4nico ou telef\u00f4nico, ser\u00e1 encaminhado a voc\u00ea o formul\u00e1rio para preenchimento e envio junto \u00e0(s) pe\u00e7a(s). O produto devolvido sem esse formul\u00e1rio e\/ou sem a comunica\u00e7\u00e3o ao SAC ser\u00e1 reenviado sem consulta pr\u00e9via.<\/p>\n<p>Ao efetuar o processo de devolu\u00e7\u00e3o\/troca o cliente dever\u00e1 no verso da nota fiscal a ser devolvida\/trocada, informar o motivo da devolu\u00e7\u00e3o\/troca, o nome de quem est\u00e1 devolvendo, CPF e a data da devolu\u00e7\u00e3o.<\/p>\n<p><b>*ATEN\u00c7\u00c3O:<\/b>\u00a0Para efetuar o processo de troca \u00e9 necess\u00e1rio estar logado. Devolu\u00e7\u00e3o por Arrependimento\/Desist\u00eancia Se ao receber o produto, voc\u00ea resolver devolv\u00ea-lo por arrependimento, dever\u00e1 faz\u00ea-lo em at\u00e9 sete dias corridos, a contar da data de recebimento.<\/p>\n<p>Observando as seguintes condi\u00e7\u00f5es: O produto n\u00e3o poder\u00e1 ter ind\u00edcios de uso.<\/p>\n<p>O produto dever\u00e1 ser encaminhado preferencialmente na embalagem original, acompanhado de nota fiscal, etiquetas, tags (etiqueta com c\u00f3digo de refer\u00eancia do produto) devidamente fixada no produto e todos os seus acess\u00f3rios.<\/p>\n<p>Ao efetuar o processo de devolu\u00e7\u00e3o o cliente dever\u00e1 no verso da nota fiscal a ser devolvida, informar o motivo da recusa\/devolu\u00e7\u00e3o, o nome de quem est\u00e1 devolvendo, CPF e a data da devolu\u00e7\u00e3o.<\/p>\n<p><\/p>\t\t\t\t\t\t\t\t<\/div>\n\t\t\t\t<\/div>\n\t\t\t\t\t<\/div>\n\t\t<\/div>\n\t\t\t\t\t<\/div>\n\t\t<\/section>\n\t\t\t\t<\/div>","protected":false},"excerpt":{"rendered":"<p>POL\u00cdTICA DE TROCA, DEVOLU\u00c7\u00c3O E ARREPENDIMENTO A Ortopedia &amp; Sa\u00fade utiliza tecnologia de ponta para a fabrica\u00e7\u00e3o de seus produtos,<\/p>","protected":false},"author":1,"featured_media":0,"parent":0,"menu_order":0,"comment_status":"closed","ping_status":"open","template":"","meta":{"footnotes":""},"class_list":["post-10838","page","type-page","status-publish","hentry"],"yoast_head":"<!-- This site is optimized with the Yoast SEO plugin v27.6 - https:\/\/yoast.com\/product\/yoast-seo-wordpress\/ -->\n<title>Pol\u00edtica de Trocas e Devolu\u00e7\u00e3o - Cir\u00fargica OrtoSa\u00fade<\/title>\n<meta name=\"robots\" content=\"index, follow, max-snippet:-1, max-image-preview:large, max-video-preview:-1\" \/>\n<link rel=\"canonical\" href=\"https:\/\/cirurgicaortosaude.com.br\/en\/politica-de-trocas-e-devolucao\/\" \/>\n<meta property=\"og:locale\" content=\"en_US\" \/>\n<meta property=\"og:type\" content=\"article\" \/>\n<meta property=\"og:title\" content=\"Pol\u00edtica de Trocas e Devolu\u00e7\u00e3o - Cir\u00fargica OrtoSa\u00fade\" \/>\n<meta property=\"og:description\" content=\"POL\u00cdTICA DE TROCA, DEVOLU\u00c7\u00c3O E ARREPENDIMENTO A Ortopedia &amp; Sa\u00fade utiliza tecnologia de ponta para a fabrica\u00e7\u00e3o de seus produtos,\" \/>\n<meta property=\"og:url\" content=\"https:\/\/cirurgicaortosaude.com.br\/en\/politica-de-trocas-e-devolucao\/\" \/>\n<meta property=\"og:site_name\" content=\"Cir\u00fargica OrtoSa\u00fade\" \/>\n<meta property=\"article:modified_time\" content=\"2021-04-19T13:16:14+00:00\" \/>\n<meta name=\"twitter:card\" content=\"summary_large_image\" \/>\n<meta name=\"twitter:label1\" content=\"Est. reading time\" \/>\n\t<meta name=\"twitter:data1\" content=\"2 minutes\" \/>\n<script type=\"application\/ld+json\" class=\"yoast-schema-graph\">{\"@context\":\"https:\\\/\\\/schema.org\",\"@graph\":[{\"@type\":\"WebPage\",\"@id\":\"https:\\\/\\\/cirurgicaortosaude.com.br\\\/politica-de-trocas-e-devolucao\\\/\",\"url\":\"https:\\\/\\\/cirurgicaortosaude.com.br\\\/politica-de-trocas-e-devolucao\\\/\",\"name\":\"Pol\u00edtica de Trocas e Devolu\u00e7\u00e3o - Cir\u00fargica OrtoSa\u00fade\",\"isPartOf\":{\"@id\":\"https:\\\/\\\/cirurgicaortosaude.com.br\\\/#website\"},\"datePublished\":\"2021-04-19T13:13:47+00:00\",\"dateModified\":\"2021-04-19T13:16:14+00:00\",\"breadcrumb\":{\"@id\":\"https:\\\/\\\/cirurgicaortosaude.com.br\\\/politica-de-trocas-e-devolucao\\\/#breadcrumb\"},\"inLanguage\":\"en-US\",\"potentialAction\":[{\"@type\":\"ReadAction\",\"target\":[\"https:\\\/\\\/cirurgicaortosaude.com.br\\\/politica-de-trocas-e-devolucao\\\/\"]}]},{\"@type\":\"BreadcrumbList\",\"@id\":\"https:\\\/\\\/cirurgicaortosaude.com.br\\\/politica-de-trocas-e-devolucao\\\/#breadcrumb\",\"itemListElement\":[{\"@type\":\"ListItem\",\"position\":1,\"name\":\"In\u00edcio\",\"item\":\"https:\\\/\\\/cirurgicaortosaude.com.br\\\/\"},{\"@type\":\"ListItem\",\"position\":2,\"name\":\"Pol\u00edtica de Trocas e Devolu\u00e7\u00e3o\"}]},{\"@type\":\"WebSite\",\"@id\":\"https:\\\/\\\/cirurgicaortosaude.com.br\\\/#website\",\"url\":\"https:\\\/\\\/cirurgicaortosaude.com.br\\\/\",\"name\":\"Cir\u00fargica OrtoSa\u00fade\",\"description\":\"Produtos M\u00e9dicos e Hospitalares em geral\",\"potentialAction\":[{\"@type\":\"SearchAction\",\"target\":{\"@type\":\"EntryPoint\",\"urlTemplate\":\"https:\\\/\\\/cirurgicaortosaude.com.br\\\/?s={search_term_string}\"},\"query-input\":{\"@type\":\"PropertyValueSpecification\",\"valueRequired\":true,\"valueName\":\"search_term_string\"}}],\"inLanguage\":\"en-US\"}]}<\/script>\n<!-- \/ Yoast SEO plugin. -->","yoast_head_json":{"title":"Pol\u00edtica de Trocas e Devolu\u00e7\u00e3o - Cir\u00fargica OrtoSa\u00fade","robots":{"index":"index","follow":"follow","max-snippet":"max-snippet:-1","max-image-preview":"max-image-preview:large","max-video-preview":"max-video-preview:-1"},"canonical":"https:\/\/cirurgicaortosaude.com.br\/en\/politica-de-trocas-e-devolucao\/","og_locale":"en_US","og_type":"article","og_title":"Pol\u00edtica de Trocas e Devolu\u00e7\u00e3o - Cir\u00fargica OrtoSa\u00fade","og_description":"POL\u00cdTICA DE TROCA, DEVOLU\u00c7\u00c3O E ARREPENDIMENTO A Ortopedia &amp; Sa\u00fade utiliza tecnologia de ponta para a fabrica\u00e7\u00e3o de seus produtos,","og_url":"https:\/\/cirurgicaortosaude.com.br\/en\/politica-de-trocas-e-devolucao\/","og_site_name":"Cir\u00fargica OrtoSa\u00fade","article_modified_time":"2021-04-19T13:16:14+00:00","twitter_card":"summary_large_image","twitter_misc":{"Est. reading time":"2 minutes"},"schema":{"@context":"https:\/\/schema.org","@graph":[{"@type":"WebPage","@id":"https:\/\/cirurgicaortosaude.com.br\/politica-de-trocas-e-devolucao\/","url":"https:\/\/cirurgicaortosaude.com.br\/politica-de-trocas-e-devolucao\/","name":"Pol\u00edtica de Trocas e Devolu\u00e7\u00e3o - Cir\u00fargica OrtoSa\u00fade","isPartOf":{"@id":"https:\/\/cirurgicaortosaude.com.br\/#website"},"datePublished":"2021-04-19T13:13:47+00:00","dateModified":"2021-04-19T13:16:14+00:00","breadcrumb":{"@id":"https:\/\/cirurgicaortosaude.com.br\/politica-de-trocas-e-devolucao\/#breadcrumb"},"inLanguage":"en-US","potentialAction":[{"@type":"ReadAction","target":["https:\/\/cirurgicaortosaude.com.br\/politica-de-trocas-e-devolucao\/"]}]},{"@type":"BreadcrumbList","@id":"https:\/\/cirurgicaortosaude.com.br\/politica-de-trocas-e-devolucao\/#breadcrumb","itemListElement":[{"@type":"ListItem","position":1,"name":"In\u00edcio","item":"https:\/\/cirurgicaortosaude.com.br\/"},{"@type":"ListItem","position":2,"name":"Pol\u00edtica de Trocas e Devolu\u00e7\u00e3o"}]},{"@type":"WebSite","@id":"https:\/\/cirurgicaortosaude.com.br\/#website","url":"https:\/\/cirurgicaortosaude.com.br\/","name":"Cir\u00fargica OrtoSa\u00fade","description":"Produtos M\u00e9dicos e Hospitalares em geral","potentialAction":[{"@type":"SearchAction","target":{"@type":"EntryPoint","urlTemplate":"https:\/\/cirurgicaortosaude.com.br\/?s={search_term_string}"},"query-input":{"@type":"PropertyValueSpecification","valueRequired":true,"valueName":"search_term_string"}}],"inLanguage":"en-US"}]}},"_links":{"self":[{"href":"https:\/\/cirurgicaortosaude.com.br\/en\/wp-json\/wp\/v2\/pages\/10838","targetHints":{"allow":["GET"]}}],"collection":[{"href":"https:\/\/cirurgicaortosaude.com.br\/en\/wp-json\/wp\/v2\/pages"}],"about":[{"href":"https:\/\/cirurgicaortosaude.com.br\/en\/wp-json\/wp\/v2\/types\/page"}],"author":[{"embeddable":true,"href":"https:\/\/cirurgicaortosaude.com.br\/en\/wp-json\/wp\/v2\/users\/1"}],"replies":[{"embeddable":true,"href":"https:\/\/cirurgicaortosaude.com.br\/en\/wp-json\/wp\/v2\/comments?post=10838"}],"version-history":[{"count":4,"href":"https:\/\/cirurgicaortosaude.com.br\/en\/wp-json\/wp\/v2\/pages\/10838\/revisions"}],"predecessor-version":[{"id":10843,"href":"https:\/\/cirurgicaortosaude.com.br\/en\/wp-json\/wp\/v2\/pages\/10838\/revisions\/10843"}],"wp:attachment":[{"href":"https:\/\/cirurgicaortosaude.com.br\/en\/wp-json\/wp\/v2\/media?parent=10838"}],"curies":[{"name":"wp","href":"https:\/\/api.w.org\/{rel}","templated":true}]}}